{"id":1001,"date":"2023-06-01T09:12:54","date_gmt":"2023-06-01T07:12:54","guid":{"rendered":"https:\/\/www.regen4d.com\/faq\/"},"modified":"2023-06-08T14:23:08","modified_gmt":"2023-06-08T12:23:08","slug":"faq","status":"publish","type":"page","link":"https:\/\/www.regen4d.com\/fr\/faq\/","title":{"rendered":"FAQ"},"content":{"rendered":"\t\t<div data-elementor-type=\"wp-page\" data-elementor-id=\"1001\" class=\"elementor elementor-1001 elementor-186\" data-elementor-post-type=\"page\">\n\t\t\t\t\t\t<section class=\"elementor-section elementor-top-section elementor-element elementor-element-20ae8f6 elementor-section-height-min-height elementor-section-items-stretch elementor-section-boxed elementor-section-height-default\" data-id=\"20ae8f6\" data-element_type=\"section\" data-settings=\"{&quot;background_background&quot;:&quot;classic&quot;}\">\n\t\t\t\t\t\t<div class=\"elementor-container elementor-column-gap-default\">\n\t\t\t\t\t<div class=\"elementor-column elementor-col-100 elementor-top-column elementor-element elementor-element-1bf464c\" data-id=\"1bf464c\" data-element_type=\"column\">\n\t\t\t<div class=\"elementor-widget-wrap elementor-element-populated\">\n\t\t\t\t\t\t<div class=\"elementor-element elementor-element-834ee64 elementor-widget elementor-widget-heading\" data-id=\"834ee64\" data-element_type=\"widget\" data-widget_type=\"heading.default\">\n\t\t\t\t<div class=\"elementor-widget-container\">\n\t\t\t\t\t<h2 class=\"elementor-heading-title elementor-size-default\">FAQ <br>\nRegen4D <\/h2>\t\t\t\t<\/div>\n\t\t\t\t<\/div>\n\t\t\t\t<div class=\"elementor-element elementor-element-ce1fea3 faq-item elementor-widget elementor-widget-accordion\" data-id=\"ce1fea3\" data-element_type=\"widget\" data-widget_type=\"accordion.default\">\n\t\t\t\t<div class=\"elementor-widget-container\">\n\t\t\t\t\t\t\t<div class=\"elementor-accordion\">\n\t\t\t\t\t\t\t<div class=\"elementor-accordion-item\">\n\t\t\t\t\t<div id=\"elementor-tab-title-2161\" class=\"elementor-tab-title\" data-tab=\"1\" role=\"button\" aria-controls=\"elementor-tab-content-2161\" aria-expanded=\"false\">\n\t\t\t\t\t\t\t\t\t\t\t\t\t<span class=\"elementor-accordion-icon elementor-accordion-icon-right\" aria-hidden=\"true\">\n\t\t\t\t\t\t\t\t\t\t\t\t\t\t\t<span class=\"elementor-accordion-icon-closed\"><i class=\"fas fa-plus\"><\/i><\/span>\n\t\t\t\t\t\t\t\t<span class=\"elementor-accordion-icon-opened\"><i class=\"fas fa-minus\"><\/i><\/span>\n\t\t\t\t\t\t\t\t\t\t\t\t\t\t<\/span>\n\t\t\t\t\t\t\t\t\t\t\t\t<a class=\"elementor-accordion-title\" tabindex=\"0\"><span class=\"faq-number\">1 - <\/span> Comment choisir les cosm\u00e9tiques adapt\u00e9s \u00e0 mon type de peau ? <\/a>\n\t\t\t\t\t<\/div>\n\t\t\t\t\t<div id=\"elementor-tab-content-2161\" class=\"elementor-tab-content elementor-clearfix\" data-tab=\"1\" role=\"region\" aria-labelledby=\"elementor-tab-title-2161\"><p>Choisir les cosm\u00e9tiques adapt\u00e9s \u00e0 son type de peau peut sembler d\u00e9routant, mais ne vous inqui\u00e9tez pas. Avant tout, prenez le temps d&rsquo;identifier votre type de peau. Est-elle s\u00e8che, grasse, mixte ou sensible ? Cela vous aidera \u00e0 choisir des produits qui r\u00e9pondent aux besoins de votre peau. Ensuite, recherchez des produits qui offrent des avantages pour la peau comme ceux que l&rsquo;on trouve dans Regen4D, tels que l&rsquo;hydratation, l&rsquo;\u00e9claircissement et les propri\u00e9t\u00e9s anti-\u00e2ge. N&rsquo;oubliez pas de donner la priorit\u00e9 \u00e0 votre confort. Confiance et beaut\u00e9 vont de pair, alors exigez ce qu&rsquo;il y a de mieux pour votre peau.<\/p>\n<\/div>\n\t\t\t\t<\/div>\n\t\t\t\t\t\t\t<div class=\"elementor-accordion-item\">\n\t\t\t\t\t<div id=\"elementor-tab-title-2162\" class=\"elementor-tab-title\" data-tab=\"2\" role=\"button\" aria-controls=\"elementor-tab-content-2162\" aria-expanded=\"false\">\n\t\t\t\t\t\t\t\t\t\t\t\t\t<span class=\"elementor-accordion-icon elementor-accordion-icon-right\" aria-hidden=\"true\">\n\t\t\t\t\t\t\t\t\t\t\t\t\t\t\t<span class=\"elementor-accordion-icon-closed\"><i class=\"fas fa-plus\"><\/i><\/span>\n\t\t\t\t\t\t\t\t<span class=\"elementor-accordion-icon-opened\"><i class=\"fas fa-minus\"><\/i><\/span>\n\t\t\t\t\t\t\t\t\t\t\t\t\t\t<\/span>\n\t\t\t\t\t\t\t\t\t\t\t\t<a class=\"elementor-accordion-title\" tabindex=\"0\"><span class=\"faq-number\">2 - <\/span>\u00c0 quelle fr\u00e9quence dois-je utiliser la cr\u00e8me hydratante en profondeur ?<\/a>\n\t\t\t\t\t<\/div>\n\t\t\t\t\t<div id=\"elementor-tab-content-2162\" class=\"elementor-tab-content elementor-clearfix\" data-tab=\"2\" role=\"region\" aria-labelledby=\"elementor-tab-title-2162\"><p>Nous recommandons vivement d&rsquo;utiliser r\u00e9guli\u00e8rement la cr\u00e8me pour le visage Regen4D. Non seulement elle apporte d&rsquo;incroyables bienfaits \u00e0 la peau, mais elle ajoute \u00e9galement une touche de confort \u00e0 votre routine quotidienne. La formule Regen4D aide \u00e0 conserver une peau jeune et \u00e9clatante. Que vous soyez une novice en mati\u00e8re de beaut\u00e9 ou une professionnelle chevronn\u00e9e, l&rsquo;ajout d&rsquo;une cr\u00e8me pour le visage telle que Regen4D \u00e0 votre routine est une \u00e9tape essentielle pour obtenir votre plus belle peau.<\/p>\n<\/div>\n\t\t\t\t<\/div>\n\t\t\t\t\t\t\t<div class=\"elementor-accordion-item\">\n\t\t\t\t\t<div id=\"elementor-tab-title-2163\" class=\"elementor-tab-title\" data-tab=\"3\" role=\"button\" aria-controls=\"elementor-tab-content-2163\" aria-expanded=\"false\">\n\t\t\t\t\t\t\t\t\t\t\t\t\t<span class=\"elementor-accordion-icon elementor-accordion-icon-right\" aria-hidden=\"true\">\n\t\t\t\t\t\t\t\t\t\t\t\t\t\t\t<span class=\"elementor-accordion-icon-closed\"><i class=\"fas fa-plus\"><\/i><\/span>\n\t\t\t\t\t\t\t\t<span class=\"elementor-accordion-icon-opened\"><i class=\"fas fa-minus\"><\/i><\/span>\n\t\t\t\t\t\t\t\t\t\t\t\t\t\t<\/span>\n\t\t\t\t\t\t\t\t\t\t\t\t<a class=\"elementor-accordion-title\" tabindex=\"0\"><span class=\"faq-number\">3 - <\/span>Quels sont les meilleurs masques pour la peau s\u00e8che ?<\/a>\n\t\t\t\t\t<\/div>\n\t\t\t\t\t<div id=\"elementor-tab-content-2163\" class=\"elementor-tab-content elementor-clearfix\" data-tab=\"3\" role=\"region\" aria-labelledby=\"elementor-tab-title-2163\"><p>Si vous recherchez les meilleurs masques pour peaux s\u00e8ches, ne cherchez pas plus loin que Regen4D CellularMask<sup>\u00ae<\/sup>. Non seulement ces masques procurent d&rsquo;incroyables bienfaits pour votre peau, mais ils sont \u00e9galement tr\u00e8s agr\u00e9ables \u00e0 porter puisqu&rsquo;ils couvrent \u00e9galement le cou. Fini le temps o\u00f9 l&rsquo;on se sentait mal \u00e0 l&rsquo;aise ou que l&rsquo;on ressentait des d\u00e9mangeaisons lorsque l&rsquo;on portait un masque. Regen4D sait que le confort est essentiel, et nous avons fait en sorte qu&rsquo;il en soit ainsi.<\/p>\n<\/div>\n\t\t\t\t<\/div>\n\t\t\t\t\t\t\t<div class=\"elementor-accordion-item\">\n\t\t\t\t\t<div id=\"elementor-tab-title-2164\" class=\"elementor-tab-title\" data-tab=\"4\" role=\"button\" aria-controls=\"elementor-tab-content-2164\" aria-expanded=\"false\">\n\t\t\t\t\t\t\t\t\t\t\t\t\t<span class=\"elementor-accordion-icon elementor-accordion-icon-right\" aria-hidden=\"true\">\n\t\t\t\t\t\t\t\t\t\t\t\t\t\t\t<span class=\"elementor-accordion-icon-closed\"><i class=\"fas fa-plus\"><\/i><\/span>\n\t\t\t\t\t\t\t\t<span class=\"elementor-accordion-icon-opened\"><i class=\"fas fa-minus\"><\/i><\/span>\n\t\t\t\t\t\t\t\t\t\t\t\t\t\t<\/span>\n\t\t\t\t\t\t\t\t\t\t\t\t<a class=\"elementor-accordion-title\" tabindex=\"0\"><span class=\"faq-number\">4 - <\/span>Quels sont les meilleurs produits cosm\u00e9tiques contre les rides ?<\/a>\n\t\t\t\t\t<\/div>\n\t\t\t\t\t<div id=\"elementor-tab-content-2164\" class=\"elementor-tab-content elementor-clearfix\" data-tab=\"4\" role=\"region\" aria-labelledby=\"elementor-tab-title-2164\"><p>Avec l&rsquo;\u00e2ge, les rides font in\u00e9vitablement partie de la vie. La bonne nouvelle, c&rsquo;est qu&rsquo;avec les bons cosm\u00e9tiques, nous pouvons ralentir l&rsquo;horloge et tenir ces ridules \u00e0 distance. Cette collection \u00e9tonnante associe les derni\u00e8res technologies en mati\u00e8re de soins de la peau \u00e0 des ingr\u00e9dients naturels pour vous offrir un maximum de bienfaits pour la peau. Mais ne vous contentez pas de me croire sur parole, essayez-la vous-m\u00eame et sentez la diff\u00e9rence dans la texture de votre peau et son confort g\u00e9n\u00e9ral.<\/p>\n<\/div>\n\t\t\t\t<\/div>\n\t\t\t\t\t\t\t<div class=\"elementor-accordion-item\">\n\t\t\t\t\t<div id=\"elementor-tab-title-2165\" class=\"elementor-tab-title\" data-tab=\"5\" role=\"button\" aria-controls=\"elementor-tab-content-2165\" aria-expanded=\"false\">\n\t\t\t\t\t\t\t\t\t\t\t\t\t<span class=\"elementor-accordion-icon elementor-accordion-icon-right\" aria-hidden=\"true\">\n\t\t\t\t\t\t\t\t\t\t\t\t\t\t\t<span class=\"elementor-accordion-icon-closed\"><i class=\"fas fa-plus\"><\/i><\/span>\n\t\t\t\t\t\t\t\t<span class=\"elementor-accordion-icon-opened\"><i class=\"fas fa-minus\"><\/i><\/span>\n\t\t\t\t\t\t\t\t\t\t\t\t\t\t<\/span>\n\t\t\t\t\t\t\t\t\t\t\t\t<a class=\"elementor-accordion-title\" tabindex=\"0\"><span class=\"faq-number\">5 - <\/span>Puis-je utiliser plus d'un type de Regen4D \u00e0 la fois ?<\/a>\n\t\t\t\t\t<\/div>\n\t\t\t\t\t<div id=\"elementor-tab-content-2165\" class=\"elementor-tab-content elementor-clearfix\" data-tab=\"5\" role=\"region\" aria-labelledby=\"elementor-tab-title-2165\"><p>Absolument. M\u00e9langer et assortir les produits de soins de la peau permet non seulement d&rsquo;\u00eatre plus \u00e0 l&rsquo;aise, mais aussi d&rsquo;obtenir de meilleurs r\u00e9sultats en termes de beaut\u00e9. En fait, il est de plus en plus courant de m\u00e9langer et d&rsquo;assortir les produits pour obtenir la routine de soins de la peau parfaite pour vous. C&rsquo;est l\u00e0 que Regen4D entre en jeu : sa gamme de produits est sp\u00e9cialement con\u00e7ue pour fonctionner ensemble de mani\u00e8re transparente afin d&rsquo;obtenir un maximum de b\u00e9n\u00e9fices pour la peau.<\/p>\n<\/div>\n\t\t\t\t<\/div>\n\t\t\t\t\t\t\t<div class=\"elementor-accordion-item\">\n\t\t\t\t\t<div id=\"elementor-tab-title-2166\" class=\"elementor-tab-title\" data-tab=\"6\" role=\"button\" aria-controls=\"elementor-tab-content-2166\" aria-expanded=\"false\">\n\t\t\t\t\t\t\t\t\t\t\t\t\t<span class=\"elementor-accordion-icon elementor-accordion-icon-right\" aria-hidden=\"true\">\n\t\t\t\t\t\t\t\t\t\t\t\t\t\t\t<span class=\"elementor-accordion-icon-closed\"><i class=\"fas fa-plus\"><\/i><\/span>\n\t\t\t\t\t\t\t\t<span class=\"elementor-accordion-icon-opened\"><i class=\"fas fa-minus\"><\/i><\/span>\n\t\t\t\t\t\t\t\t\t\t\t\t\t\t<\/span>\n\t\t\t\t\t\t\t\t\t\t\t\t<a class=\"elementor-accordion-title\" tabindex=\"0\"><span class=\"faq-number\">6 - <\/span>Quelle est la diff\u00e9rence entre un cosm\u00e9tique, une cr\u00e8me, un s\u00e9rum et un masque ?<\/a>\n\t\t\t\t\t<\/div>\n\t\t\t\t\t<div id=\"elementor-tab-content-2166\" class=\"elementor-tab-content elementor-clearfix\" data-tab=\"6\" role=\"region\" aria-labelledby=\"elementor-tab-title-2166\"><p>Vous ne savez pas quelle est la diff\u00e9rence entre le RegenSkin<sup>\u2122<\/sup>, le RegenLift<sup>\u00ae<\/sup> et le CellularMask<sup>\u00ae<\/sup> ?<\/p>\n<\/p>\n<p>Un cosm\u00e9tique est un terme g\u00e9n\u00e9rique d\u00e9signant tout produit utilis\u00e9 pour am\u00e9liorer ou modifier l&rsquo;apparence, tandis que les cr\u00e8mes et les s\u00e9rums sont des types sp\u00e9cifiques de cosm\u00e9tiques. Les cr\u00e8mes sont g\u00e9n\u00e9ralement \u00e9paisses, luxueuses et hydratantes, tandis que les s\u00e9rums sont plus l\u00e9gers et contiennent une concentration plus \u00e9lev\u00e9e d&rsquo;ingr\u00e9dients actifs pour des b\u00e9n\u00e9fices cutan\u00e9s cibl\u00e9s. Et n&rsquo;oublions pas les masques &#8211; la forme ultime de soin et de confort pour votre visage. Le s\u00e9rum RegenLift<sup>\u00ae<\/sup> est un traitement l\u00e9ger \u00e0 absorption rapide qui cible des probl\u00e8mes de peau sp\u00e9cifiques tels que les rides et l&rsquo;hyperpigmentation. CellularMask<sup>\u00ae<\/sup> est un traitement destin\u00e9 \u00e0 \u00eatre laiss\u00e9 sur la peau pendant une p\u00e9riode plus longue, afin d&rsquo;offrir \u00e0 votre peau un peu plus d&rsquo;amour et de confort.<\/p>\n<\/div>\n\t\t\t\t<\/div>\n\t\t\t\t\t\t\t<div class=\"elementor-accordion-item\">\n\t\t\t\t\t<div id=\"elementor-tab-title-2167\" class=\"elementor-tab-title\" data-tab=\"7\" role=\"button\" aria-controls=\"elementor-tab-content-2167\" aria-expanded=\"false\">\n\t\t\t\t\t\t\t\t\t\t\t\t\t<span class=\"elementor-accordion-icon elementor-accordion-icon-right\" aria-hidden=\"true\">\n\t\t\t\t\t\t\t\t\t\t\t\t\t\t\t<span class=\"elementor-accordion-icon-closed\"><i class=\"fas fa-plus\"><\/i><\/span>\n\t\t\t\t\t\t\t\t<span class=\"elementor-accordion-icon-opened\"><i class=\"fas fa-minus\"><\/i><\/span>\n\t\t\t\t\t\t\t\t\t\t\t\t\t\t<\/span>\n\t\t\t\t\t\t\t\t\t\t\t\t<a class=\"elementor-accordion-title\" tabindex=\"0\"><span class=\"faq-number\">7 - <\/span>Quels sont les effets secondaires de l'utilisation de produits cosm\u00e9tiques ?<\/a>\n\t\t\t\t\t<\/div>\n\t\t\t\t\t<div id=\"elementor-tab-content-2167\" class=\"elementor-tab-content elementor-clearfix\" data-tab=\"7\" role=\"region\" aria-labelledby=\"elementor-tab-title-2167\"><p>Les produits Regen4D sont test\u00e9s dermatologiquement. Gardez toutefois \u00e0 l&rsquo;esprit que la peau de chaque personne r\u00e9agit diff\u00e9remment aux produits cosm\u00e9tiques et qu&rsquo;il est toujours pr\u00e9f\u00e9rable de tester les produits avant de les appliquer sur votre visage.<\/p>\n<\/div>\n\t\t\t\t<\/div>\n\t\t\t\t\t\t\t\t<\/div>\n\t\t\t\t\t\t<\/div>\n\t\t\t\t<\/div>\n\t\t\t\t\t<\/div>\n\t\t<\/div>\n\t\t\t\t\t<\/div>\n\t\t<\/section>\n\t\t\t\t<\/div>\n\t\t","protected":false},"excerpt":{"rendered":"<p>FAQ Regen4D 1 &#8211; Comment choisir les cosm\u00e9tiques adapt\u00e9s \u00e0 mon type de peau ? Choisir les cosm\u00e9tiques adapt\u00e9s \u00e0 son type de peau peut sembler d\u00e9routant, mais ne vous inqui\u00e9tez pas. Avant tout, prenez le temps d&#8217;identifier votre type de peau. Est-elle s\u00e8che, grasse, mixte ou sensible ? Cela vous aidera \u00e0 choisir des [&hellip;]<\/p>\n","protected":false},"author":1,"featured_media":0,"parent":0,"menu_order":0,"comment_status":"closed","ping_status":"closed","template":"","meta":{"site-sidebar-layout":"no-sidebar","site-content-layout":"page-builder","ast-site-content-layout":"default","site-content-style":"default","site-sidebar-style":"default","ast-global-header-display":"","ast-banner-title-visibility":"","ast-main-header-display":"","ast-hfb-above-header-display":"","ast-hfb-below-header-display":"","ast-hfb-mobile-header-display":"","site-post-title":"disabled","ast-breadcrumbs-content":"","ast-featured-img":"disabled","footer-sml-layout":"","ast-disable-related-posts":"","theme-transparent-header-meta":"default","adv-header-id-meta":"","stick-header-meta":"","header-above-stick-meta":"","header-main-stick-meta":"","header-below-stick-meta":"","astra-migrate-meta-layouts":"default","ast-page-background-enabled":"default","ast-page-background-meta":{"desktop":{"background-color":"var(--ast-global-color-4)","background-image":"","background-repeat":"repeat","background-position":"center center","background-size":"auto","background-attachment":"scroll","background-type":"","background-media":"","overlay-type":"","overlay-color":"","overlay-opacity":"","overlay-gradient":""},"tablet":{"background-color":"","background-image":"","background-repeat":"repeat","background-position":"center center","background-size":"auto","background-attachment":"scroll","background-type":"","background-media":"","overlay-type":"","overlay-color":"","overlay-opacity":"","overlay-gradient":""},"mobile":{"background-color":"","background-image":"","background-repeat":"repeat","background-position":"center center","background-size":"auto","background-attachment":"scroll","background-type":"","background-media":"","overlay-type":"","overlay-color":"","overlay-opacity":"","overlay-gradient":""}},"ast-content-background-meta":{"desktop":{"background-color":"var(--ast-global-color-5)","background-image":"","background-repeat":"repeat","background-position":"center center","background-size":"auto","background-attachment":"scroll","background-type":"","background-media":"","overlay-type":"","overlay-color":"","overlay-opacity":"","overlay-gradient":""},"tablet":{"background-color":"var(--ast-global-color-5)","background-image":"","background-repeat":"repeat","background-position":"center center","background-size":"auto","background-attachment":"scroll","background-type":"","background-media":"","overlay-type":"","overlay-color":"","overlay-opacity":"","overlay-gradient":""},"mobile":{"background-color":"var(--ast-global-color-5)","background-image":"","background-repeat":"repeat","background-position":"center center","background-size":"auto","background-attachment":"scroll","background-type":"","background-media":"","overlay-type":"","overlay-color":"","overlay-opacity":"","overlay-gradient":""}},"footnotes":""},"class_list":["post-1001","page","type-page","status-publish","hentry"],"yoast_head":"<!-- This site is optimized with the Yoast SEO plugin v27.4 - https:\/\/yoast.com\/product\/yoast-seo-wordpress\/ -->\n<title>FAQ - REGEN4D<\/title>\n<meta name=\"robots\" content=\"index, follow, max-snippet:-1, max-image-preview:large, max-video-preview:-1\" \/>\n<link rel=\"canonical\" href=\"https:\/\/www.regen4d.com\/fr\/faq\/\" \/>\n<meta property=\"og:locale\" content=\"fr_FR\" \/>\n<meta property=\"og:type\" content=\"article\" \/>\n<meta property=\"og:title\" content=\"FAQ - REGEN4D\" \/>\n<meta property=\"og:description\" content=\"FAQ Regen4D 1 &#8211; Comment choisir les cosm\u00e9tiques adapt\u00e9s \u00e0 mon type de peau ? Choisir les cosm\u00e9tiques adapt\u00e9s \u00e0 son type de peau peut sembler d\u00e9routant, mais ne vous inqui\u00e9tez pas. Avant tout, prenez le temps d&#8217;identifier votre type de peau. Est-elle s\u00e8che, grasse, mixte ou sensible ? Cela vous aidera \u00e0 choisir des [&hellip;]\" \/>\n<meta property=\"og:url\" content=\"https:\/\/www.regen4d.com\/fr\/faq\/\" \/>\n<meta property=\"og:site_name\" content=\"REGEN4D\" \/>\n<meta property=\"article:modified_time\" content=\"2023-06-08T12:23:08+00:00\" \/>\n<meta name=\"twitter:card\" content=\"summary_large_image\" \/>\n<meta name=\"twitter:label1\" content=\"Dur\u00e9e de lecture estim\u00e9e\" \/>\n\t<meta name=\"twitter:data1\" content=\"4 minutes\" \/>\n<script type=\"application\/ld+json\" class=\"yoast-schema-graph\">{\"@context\":\"https:\\\/\\\/schema.org\",\"@graph\":[{\"@type\":\"WebPage\",\"@id\":\"https:\\\/\\\/www.regen4d.com\\\/fr\\\/faq\\\/\",\"url\":\"https:\\\/\\\/www.regen4d.com\\\/fr\\\/faq\\\/\",\"name\":\"FAQ - REGEN4D\",\"isPartOf\":{\"@id\":\"https:\\\/\\\/www.regen4d.com\\\/#website\"},\"datePublished\":\"2023-06-01T07:12:54+00:00\",\"dateModified\":\"2023-06-08T12:23:08+00:00\",\"breadcrumb\":{\"@id\":\"https:\\\/\\\/www.regen4d.com\\\/fr\\\/faq\\\/#breadcrumb\"},\"inLanguage\":\"fr-FR\",\"potentialAction\":[{\"@type\":\"ReadAction\",\"target\":[\"https:\\\/\\\/www.regen4d.com\\\/fr\\\/faq\\\/\"]}]},{\"@type\":\"BreadcrumbList\",\"@id\":\"https:\\\/\\\/www.regen4d.com\\\/fr\\\/faq\\\/#breadcrumb\",\"itemListElement\":[{\"@type\":\"ListItem\",\"position\":1,\"name\":\"Home\",\"item\":\"https:\\\/\\\/www.regen4d.com\\\/fr\\\/\"},{\"@type\":\"ListItem\",\"position\":2,\"name\":\"FAQ\"}]},{\"@type\":\"WebSite\",\"@id\":\"https:\\\/\\\/www.regen4d.com\\\/#website\",\"url\":\"https:\\\/\\\/www.regen4d.com\\\/\",\"name\":\"REGEN4D\",\"description\":\"\",\"publisher\":{\"@id\":\"https:\\\/\\\/www.regen4d.com\\\/#organization\"},\"potentialAction\":[{\"@type\":\"SearchAction\",\"target\":{\"@type\":\"EntryPoint\",\"urlTemplate\":\"https:\\\/\\\/www.regen4d.com\\\/?s={search_term_string}\"},\"query-input\":{\"@type\":\"PropertyValueSpecification\",\"valueRequired\":true,\"valueName\":\"search_term_string\"}}],\"inLanguage\":\"fr-FR\"},{\"@type\":\"Organization\",\"@id\":\"https:\\\/\\\/www.regen4d.com\\\/#organization\",\"name\":\"REGEN4D\",\"url\":\"https:\\\/\\\/www.regen4d.com\\\/\",\"logo\":{\"@type\":\"ImageObject\",\"inLanguage\":\"fr-FR\",\"@id\":\"https:\\\/\\\/www.regen4d.com\\\/#\\\/schema\\\/logo\\\/image\\\/\",\"url\":\"https:\\\/\\\/www.regen4d.com\\\/wp-content\\\/uploads\\\/2023\\\/05\\\/logo-header.png\",\"contentUrl\":\"https:\\\/\\\/www.regen4d.com\\\/wp-content\\\/uploads\\\/2023\\\/05\\\/logo-header.png\",\"width\":1450,\"height\":344,\"caption\":\"REGEN4D\"},\"image\":{\"@id\":\"https:\\\/\\\/www.regen4d.com\\\/#\\\/schema\\\/logo\\\/image\\\/\"}}]}<\/script>\n<!-- \/ Yoast SEO plugin. -->","yoast_head_json":{"title":"FAQ - REGEN4D","robots":{"index":"index","follow":"follow","max-snippet":"max-snippet:-1","max-image-preview":"max-image-preview:large","max-video-preview":"max-video-preview:-1"},"canonical":"https:\/\/www.regen4d.com\/fr\/faq\/","og_locale":"fr_FR","og_type":"article","og_title":"FAQ - REGEN4D","og_description":"FAQ Regen4D 1 &#8211; Comment choisir les cosm\u00e9tiques adapt\u00e9s \u00e0 mon type de peau ? Choisir les cosm\u00e9tiques adapt\u00e9s \u00e0 son type de peau peut sembler d\u00e9routant, mais ne vous inqui\u00e9tez pas. Avant tout, prenez le temps d&#8217;identifier votre type de peau. Est-elle s\u00e8che, grasse, mixte ou sensible ? Cela vous aidera \u00e0 choisir des [&hellip;]","og_url":"https:\/\/www.regen4d.com\/fr\/faq\/","og_site_name":"REGEN4D","article_modified_time":"2023-06-08T12:23:08+00:00","twitter_card":"summary_large_image","twitter_misc":{"Dur\u00e9e de lecture estim\u00e9e":"4 minutes"},"schema":{"@context":"https:\/\/schema.org","@graph":[{"@type":"WebPage","@id":"https:\/\/www.regen4d.com\/fr\/faq\/","url":"https:\/\/www.regen4d.com\/fr\/faq\/","name":"FAQ - REGEN4D","isPartOf":{"@id":"https:\/\/www.regen4d.com\/#website"},"datePublished":"2023-06-01T07:12:54+00:00","dateModified":"2023-06-08T12:23:08+00:00","breadcrumb":{"@id":"https:\/\/www.regen4d.com\/fr\/faq\/#breadcrumb"},"inLanguage":"fr-FR","potentialAction":[{"@type":"ReadAction","target":["https:\/\/www.regen4d.com\/fr\/faq\/"]}]},{"@type":"BreadcrumbList","@id":"https:\/\/www.regen4d.com\/fr\/faq\/#breadcrumb","itemListElement":[{"@type":"ListItem","position":1,"name":"Home","item":"https:\/\/www.regen4d.com\/fr\/"},{"@type":"ListItem","position":2,"name":"FAQ"}]},{"@type":"WebSite","@id":"https:\/\/www.regen4d.com\/#website","url":"https:\/\/www.regen4d.com\/","name":"REGEN4D","description":"","publisher":{"@id":"https:\/\/www.regen4d.com\/#organization"},"potentialAction":[{"@type":"SearchAction","target":{"@type":"EntryPoint","urlTemplate":"https:\/\/www.regen4d.com\/?s={search_term_string}"},"query-input":{"@type":"PropertyValueSpecification","valueRequired":true,"valueName":"search_term_string"}}],"inLanguage":"fr-FR"},{"@type":"Organization","@id":"https:\/\/www.regen4d.com\/#organization","name":"REGEN4D","url":"https:\/\/www.regen4d.com\/","logo":{"@type":"ImageObject","inLanguage":"fr-FR","@id":"https:\/\/www.regen4d.com\/#\/schema\/logo\/image\/","url":"https:\/\/www.regen4d.com\/wp-content\/uploads\/2023\/05\/logo-header.png","contentUrl":"https:\/\/www.regen4d.com\/wp-content\/uploads\/2023\/05\/logo-header.png","width":1450,"height":344,"caption":"REGEN4D"},"image":{"@id":"https:\/\/www.regen4d.com\/#\/schema\/logo\/image\/"}}]}},"_links":{"self":[{"href":"https:\/\/www.regen4d.com\/fr\/wp-json\/wp\/v2\/pages\/1001","targetHints":{"allow":["GET"]}}],"collection":[{"href":"https:\/\/www.regen4d.com\/fr\/wp-json\/wp\/v2\/pages"}],"about":[{"href":"https:\/\/www.regen4d.com\/fr\/wp-json\/wp\/v2\/types\/page"}],"author":[{"embeddable":true,"href":"https:\/\/www.regen4d.com\/fr\/wp-json\/wp\/v2\/users\/1"}],"replies":[{"embeddable":true,"href":"https:\/\/www.regen4d.com\/fr\/wp-json\/wp\/v2\/comments?post=1001"}],"version-history":[{"count":1,"href":"https:\/\/www.regen4d.com\/fr\/wp-json\/wp\/v2\/pages\/1001\/revisions"}],"predecessor-version":[{"id":1002,"href":"https:\/\/www.regen4d.com\/fr\/wp-json\/wp\/v2\/pages\/1001\/revisions\/1002"}],"wp:attachment":[{"href":"https:\/\/www.regen4d.com\/fr\/wp-json\/wp\/v2\/media?parent=1001"}],"curies":[{"name":"wp","href":"https:\/\/api.w.org\/{rel}","templated":true}]}}